{"id":96,"date":"2019-05-06T10:35:38","date_gmt":"2019-05-06T10:35:38","guid":{"rendered":"http:\/\/nutheschlange.de\/?page_id=96"},"modified":"2019-05-06T10:35:38","modified_gmt":"2019-05-06T10:35:38","slug":"online-petition","status":"publish","type":"page","link":"https:\/\/nutheschlange.de\/?page_id=96","title":{"rendered":"Online-Petition"},"content":{"rendered":"\n<p>Die Initiative Nutheschlange wendet sich mit einer Petition gegen die Intransparenz beim geplanten Abriss des Terrassenhauses im Humboldtring. Durch den Abriss und die geplante Nachverdichtung wird ein weiterer Teil Potsdamer Architektur zerst\u00f6rt und die Emissions- und Verkehrbelastung in Zentrum Ost zunehmen. Zentrale Forderungen der Initiative sind, die Entscheidungskriterien f\u00fcr den Abriss und gegen eine anwohnerfreundlichere Sanierungsl\u00f6sung nachvollziehbar darzulegen und die Bed\u00fcrfnisse der Anwohner zu ber\u00fccksichtigen.<\/p>\n\n\n\n<p><a href=\"https:\/\/www.openpetition.eu\/petition\/online\/transparenz-und-buergernahe-mitbeteiligung-vor-gebaeudeabriss\">https:\/\/www.openpetition.eu\/petition\/online\/transparenz-und-buergernahe-mitbeteiligung-vor-gebaeudeabriss<\/a><\/p>\n<div class='watch-action'><div class='watch-position align-right'><div class='action-like'><a class='lbg-style3 like-96 jlk' href='javascript:void(0)' data-task='like' data-post_id='96' data-nonce='3e0c016c5a' rel='nofollow'><img class='wti-pixel' src='https:\/\/nutheschlange.de\/wp-content\/plugins\/wti-like-post\/images\/pixel.gif' title='Mag ich' \/><span class='lc-96 lc'>0<\/span><\/a><\/div><\/div> <div class='status-96 status align-right'><\/div><\/div><div class='wti-clear'><\/div>","protected":false},"excerpt":{"rendered":"<p>Die Initiative Nutheschlange wendet sich mit einer Petition gegen die Intransparenz beim geplanten Abriss des Terrassenhauses im Humboldtring. Durch den Abriss und die geplante Nachverdichtung wird ein weiterer Teil Potsdamer Architektur zerst\u00f6rt und die Emissions- und Verkehrbelastung in Zentrum Ost&#8230;<\/p>\n","protected":false},"author":1,"featured_media":0,"parent":0,"menu_order":0,"comment_status":"closed","ping_status":"closed","template":"","meta":{"footnotes":""},"class_list":["post-96","page","type-page","status-publish","hentry"],"_links":{"self":[{"href":"https:\/\/nutheschlange.de\/index.php?rest_route=\/wp\/v2\/pages\/96","targetHints":{"allow":["GET"]}}],"collection":[{"href":"https:\/\/nutheschlange.de\/index.php?rest_route=\/wp\/v2\/pages"}],"about":[{"href":"https:\/\/nutheschlange.de\/index.php?rest_route=\/wp\/v2\/types\/page"}],"author":[{"embeddable":true,"href":"https:\/\/nutheschlange.de\/index.php?rest_route=\/wp\/v2\/users\/1"}],"replies":[{"embeddable":true,"href":"https:\/\/nutheschlange.de\/index.php?rest_route=%2Fwp%2Fv2%2Fcomments&post=96"}],"version-history":[{"count":1,"href":"https:\/\/nutheschlange.de\/index.php?rest_route=\/wp\/v2\/pages\/96\/revisions"}],"predecessor-version":[{"id":98,"href":"https:\/\/nutheschlange.de\/index.php?rest_route=\/wp\/v2\/pages\/96\/revisions\/98"}],"wp:attachment":[{"href":"https:\/\/nutheschlange.de\/index.php?rest_route=%2Fwp%2Fv2%2Fmedia&parent=96"}],"curies":[{"name":"wp","href":"https:\/\/api.w.org\/{rel}","templated":true}]}}