{"id":490,"date":"2019-07-03T08:36:14","date_gmt":"2019-07-03T08:36:14","guid":{"rendered":"http:\/\/nutheschlange.de\/?page_id=490"},"modified":"2025-12-23T16:59:02","modified_gmt":"2025-12-23T16:59:02","slug":"ueber-uns","status":"publish","type":"page","link":"https:\/\/nutheschlange.de\/?page_id=490","title":{"rendered":"\u00dcber uns"},"content":{"rendered":"\n<p>Wir sind sind eine B\u00fcrgerinitiative aus \u00a0Potsdam und setzen uns <strong>f\u00fcr den Erhalt und die Wohnqualit\u00e4t unseres Zuhauses \u201eNutheschlange\u201c ein<\/strong>. \u00a0Die Nutheschlange bietet bezahlbaren Wohnraum in einer idealen Umgebung: Die Spielstra\u00dfe vor dem Haus, eine au\u00dfergew\u00f6hnliche Architektur in gr\u00fcner Umgebung, einen Teich mit Fischen, in ruhiger Lage und dennoch verkehrstechnisch gut angebunden. Wo in Potsdam oder Berlin findet sich Vergleichbares? \u00a0Wir wohnen hier wirklich sehr gerne.<\/p>\n\n\n\n<p><br>\nDie Stadt Potsdam und die Pro Potsdam scheinen jedoch an Wohnqualit\u00e4t und dem\nErhalt dieser einzigartigen Wohnsiedlung nicht interessiert. Darauf deuten\neinige der geplanten Bauma\u00dfnahmen und das Desinteresse der Pro Potsdam an der\nBehebung diverser Missst\u00e4nde in der Siedlung hin. <\/p>\n\n\n\n<p><strong>Statt die Nutheschlange St\u00fcck f\u00fcr St\u00fcck zu demontieren und zu beseitigen, sollte sie als Vorbild f\u00fcr neu zu schaffenden Wohnraum in anderen St\u00e4dten und Gemeinden dienen. <\/strong>In Berlin zum Beispiel genie\u00dfen die Bauten des Architekten der Nutheschlange, H. Baller Kultstatus. Folgen Sie uns gerne auch auf Twitter und Instagram f\u00fcr zeitnahe Informationen. <\/p>\n<div class='watch-action'><div class='watch-position align-right'><div class='action-like'><a class='lbg-style3 like-490 jlk' href='javascript:void(0)' data-task='like' data-post_id='490' data-nonce='1d4a43936c' rel='nofollow'><img class='wti-pixel' src='https:\/\/nutheschlange.de\/wp-content\/plugins\/wti-like-post\/images\/pixel.gif' title='Mag ich' \/><span class='lc-490 lc'>0<\/span><\/a><\/div><\/div> <div class='status-490 status align-right'><\/div><\/div><div class='wti-clear'><\/div>","protected":false},"excerpt":{"rendered":"<p>Wir sind sind eine B\u00fcrgerinitiative aus \u00a0Potsdam und setzen uns f\u00fcr den Erhalt und die Wohnqualit\u00e4t unseres Zuhauses \u201eNutheschlange\u201c ein. \u00a0Die Nutheschlange bietet bezahlbaren Wohnraum in einer idealen Umgebung: Die Spielstra\u00dfe vor dem Haus, eine au\u00dfergew\u00f6hnliche Architektur in gr\u00fcner Umgebung,&#8230;<\/p>\n","protected":false},"author":2,"featured_media":362,"parent":0,"menu_order":0,"comment_status":"closed","ping_status":"closed","template":"","meta":{"footnotes":""},"class_list":["post-490","page","type-page","status-publish","has-post-thumbnail","hentry"],"_links":{"self":[{"href":"https:\/\/nutheschlange.de\/index.php?rest_route=\/wp\/v2\/pages\/490","targetHints":{"allow":["GET"]}}],"collection":[{"href":"https:\/\/nutheschlange.de\/index.php?rest_route=\/wp\/v2\/pages"}],"about":[{"href":"https:\/\/nutheschlange.de\/index.php?rest_route=\/wp\/v2\/types\/page"}],"author":[{"embeddable":true,"href":"https:\/\/nutheschlange.de\/index.php?rest_route=\/wp\/v2\/users\/2"}],"replies":[{"embeddable":true,"href":"https:\/\/nutheschlange.de\/index.php?rest_route=%2Fwp%2Fv2%2Fcomments&post=490"}],"version-history":[{"count":4,"href":"https:\/\/nutheschlange.de\/index.php?rest_route=\/wp\/v2\/pages\/490\/revisions"}],"predecessor-version":[{"id":1076,"href":"https:\/\/nutheschlange.de\/index.php?rest_route=\/wp\/v2\/pages\/490\/revisions\/1076"}],"wp:featuredmedia":[{"embeddable":true,"href":"https:\/\/nutheschlange.de\/index.php?rest_route=\/wp\/v2\/media\/362"}],"wp:attachment":[{"href":"https:\/\/nutheschlange.de\/index.php?rest_route=%2Fwp%2Fv2%2Fmedia&parent=490"}],"curies":[{"name":"wp","href":"https:\/\/api.w.org\/{rel}","templated":true}]}}